{"id":44,"date":"2022-06-01T17:38:10","date_gmt":"2022-06-01T17:38:10","guid":{"rendered":"https:\/\/poli-mn.si\/?page_id=44"},"modified":"2022-06-01T18:17:57","modified_gmt":"2022-06-01T18:17:57","slug":"domov","status":"publish","type":"page","link":"https:\/\/poli-mn.si\/","title":{"rendered":"Domov"},"content":{"rendered":"\n<h2 class=\"wp-block-heading\" id=\"o-nas\"><\/h2>\n\n\n\n<p>V na\u0161em prodajnem programu imamo veliko izbiro barv \u2013 masterbatchev proizvajalca&nbsp;Rifra S.p.A., Italija, ki se uporabljajo za proizvodnjo izdelkov iz plasti\u010dnih mas in pri predelavi termoplastov(brizganje, pihanje in ekstruzijo).<\/p>\n\n\n\n<p>Vsi na\u0161i proizvodi ustrezajo evropskim standardom in imajo vso ustrezno varnostno tehni\u010dno dokumentacijo.<\/p>\n","protected":false},"excerpt":{"rendered":"<p>V na\u0161em prodajnem programu imamo veliko izbiro barv \u2013 masterbatchev proizvajalca&nbsp;Rifra S.p.A., Italija, ki se uporabljajo za proizvodnjo izdelkov iz plasti\u010dnih mas in pri predelavi termoplastov(brizganje, pihanje in ekstruzijo). Vsi na\u0161i proizvodi ustrezajo evropskim standardom in imajo vso ustrezno varnostno tehni\u010dno dokumentacijo.<\/p>\n","protected":false},"author":1,"featured_media":0,"parent":0,"menu_order":0,"comment_status":"closed","ping_status":"closed","template":"","meta":{"footnotes":""},"class_list":["post-44","page","type-page","status-publish","hentry"],"_links":{"self":[{"href":"https:\/\/poli-mn.si\/index.php?rest_route=\/wp\/v2\/pages\/44","targetHints":{"allow":["GET"]}}],"collection":[{"href":"https:\/\/poli-mn.si\/index.php?rest_route=\/wp\/v2\/pages"}],"about":[{"href":"https:\/\/poli-mn.si\/index.php?rest_route=\/wp\/v2\/types\/page"}],"author":[{"embeddable":true,"href":"https:\/\/poli-mn.si\/index.php?rest_route=\/wp\/v2\/users\/1"}],"replies":[{"embeddable":true,"href":"https:\/\/poli-mn.si\/index.php?rest_route=%2Fwp%2Fv2%2Fcomments&post=44"}],"version-history":[{"count":3,"href":"https:\/\/poli-mn.si\/index.php?rest_route=\/wp\/v2\/pages\/44\/revisions"}],"predecessor-version":[{"id":71,"href":"https:\/\/poli-mn.si\/index.php?rest_route=\/wp\/v2\/pages\/44\/revisions\/71"}],"wp:attachment":[{"href":"https:\/\/poli-mn.si\/index.php?rest_route=%2Fwp%2Fv2%2Fmedia&parent=44"}],"curies":[{"name":"wp","href":"https:\/\/api.w.org\/{rel}","templated":true}]}}